{"id":7940,"date":"2021-11-09T11:18:22","date_gmt":"2021-11-09T11:18:22","guid":{"rendered":"https:\/\/www.dubai-offshore.com\/?page_id=7940"},"modified":"2025-10-09T05:42:52","modified_gmt":"2025-10-09T05:42:52","slug":"asset-protection","status":"publish","type":"page","link":"https:\/\/www.dubai-offshore.com\/de\/asset-protection\/","title":{"rendered":"Asset protection"},"content":{"rendered":"\t\t<div data-elementor-type=\"wp-page\" data-elementor-id=\"7940\" class=\"elementor elementor-7940 elementor-7040\">\n\t\t\t\t\t\t<section class=\"elementor-section elementor-top-section elementor-element elementor-element-da73c42 elementor-section-boxed elementor-section-height-default elementor-section-height-default\" data-id=\"da73c42\" data-element_type=\"section\">\n\t\t\t\t\t\t<div class=\"elementor-container elementor-column-gap-default\">\n\t\t\t\t\t<div class=\"elementor-column elementor-col-100 elementor-top-column elementor-element elementor-element-2cd1f09\" data-id=\"2cd1f09\" data-element_type=\"column\">\n\t\t\t<div class=\"elementor-widget-wrap\">\n\t\t\t\t\t\t\t<\/div>\n\t\t<\/div>\n\t\t\t\t\t<\/div>\n\t\t<\/section>\n\t\t\t\t<section class=\"elementor-section elementor-top-section elementor-element elementor-element-9df6207 elementor-section-boxed elementor-section-height-default elementor-section-height-default\" data-id=\"9df6207\" data-element_type=\"section\">\n\t\t\t\t\t\t<div class=\"elementor-container elementor-column-gap-default\">\n\t\t\t\t\t<div class=\"elementor-column elementor-col-100 elementor-top-column elementor-element elementor-element-cdf28f8\" data-id=\"cdf28f8\" data-element_type=\"column\">\n\t\t\t<div class=\"elementor-widget-wrap elementor-element-populated\">\n\t\t\t\t\t\t<div class=\"elementor-element elementor-element-70c0558 elementor-widget elementor-widget-heading\" data-id=\"70c0558\" data-element_type=\"widget\" data-widget_type=\"heading.default\">\n\t\t\t\t<div class=\"elementor-widget-container\">\n\t\t\t\t\t<h2 class=\"elementor-heading-title elementor-size-default\">Verm\u00f6gensschutz<\/h2>\t\t\t\t<\/div>\n\t\t\t\t<\/div>\n\t\t\t\t<div class=\"elementor-element elementor-element-d26516a elementor-widget-divider--view-line elementor-widget elementor-widget-divider\" data-id=\"d26516a\" data-element_type=\"widget\" data-widget_type=\"divider.default\">\n\t\t\t\t<div class=\"elementor-widget-container\">\n\t\t\t\t\t\t\t<div class=\"elementor-divider\">\n\t\t\t<span class=\"elementor-divider-separator\">\n\t\t\t\t\t\t<\/span>\n\t\t<\/div>\n\t\t\t\t\t\t<\/div>\n\t\t\t\t<\/div>\n\t\t\t\t<div class=\"elementor-element elementor-element-fcb1b1f elementor-widget elementor-widget-text-editor\" data-id=\"fcb1b1f\" data-element_type=\"widget\" data-widget_type=\"text-editor.default\">\n\t\t\t\t<div class=\"elementor-widget-container\">\n\t\t\t\t\t\t\t\t\t<p>Im Rahmen einer internationalen Steuerplanung sind zweifelsfrei die Optimierung der Steuerlast sowie der Zugang zu internationalen M\u00e4rkten die entscheidenden Vorteile einer Firmengr\u00fcndung in Dubai. Eine unternehmerfreundliche Gesetzgebung sowie eine Besteuerung von 0% schaffen erstklassige Rahmenbedingungen f\u00fcr internationale Unternehmer.<\/p><p>Ein weiterer, entscheidender Vorteil f\u00fcr Unternehmer und verm\u00f6gende Pers\u00f6nlichkeiten sind die L\u00f6sungen zur vorrausschauenden Asset Protection (Verm\u00f6genssicherung). Hierunter versteht man die Abgrenzung von Verm\u00f6genswerten von der eigenen Person, um beispielsweise im Haftungsfalle, bei familienrechtlichen Auseinandersetzungen oder auch bei nachteiligen Gesetzes\u00e4nderungen und Entwicklungen im Heimatland das eigene Verm\u00f6gen nachhaltig zu sichern. Hierunter fallen neben Barverm\u00f6gen auch Beteiligungen, Patente sowie Aktiendepots.<\/p><p>Durch eine gezielte Strukturierung mittels internationalen Rechtstr\u00e4gern, Holdinggesellschaften, Treuhandschaften, internationalen Bankbeziehungen und der unl\u00e4ngst eingef\u00fchrten Stiftung in Dubai bietet die modern ausgerichtete Gesetzgebung der UAE zukunftssichere Asset Protection.\u00a0<\/p><p>Neben <a href=\"https:\/\/www.dubai-offshore.com\/offshore-bank-account\/\"><strong>Offshore Bankkonten<\/strong><\/a> und Stiftungen, z\u00e4hlt auch die Verwahrung von physischen Edelmetallen sowie eine Offshore Lagerung von Gold zu interessanten M\u00f6glichkeiten der Asset Protection, der diskreten Anlage sowie der Nachlassplanung.<\/p>\t\t\t\t\t\t\t\t<\/div>\n\t\t\t\t<\/div>\n\t\t\t\t\t<\/div>\n\t\t<\/div>\n\t\t\t\t\t<\/div>\n\t\t<\/section>\n\t\t\t\t<section class=\"elementor-section elementor-top-section elementor-element elementor-element-bbb3528 elementor-section-boxed elementor-section-height-default elementor-section-height-default\" data-id=\"bbb3528\" data-element_type=\"section\">\n\t\t\t\t\t\t<div class=\"elementor-container elementor-column-gap-default\">\n\t\t\t\t\t<div class=\"elementor-column elementor-col-100 elementor-top-column elementor-element elementor-element-4bd0e1e\" data-id=\"4bd0e1e\" data-element_type=\"column\">\n\t\t\t<div class=\"elementor-widget-wrap elementor-element-populated\">\n\t\t\t\t\t\t<div class=\"elementor-element elementor-element-56c98a7 elementor-widget elementor-widget-spacer\" data-id=\"56c98a7\" data-element_type=\"widget\" data-widget_type=\"spacer.default\">\n\t\t\t\t<div class=\"elementor-widget-container\">\n\t\t\t\t\t\t\t<div class=\"elementor-spacer\">\n\t\t\t<div class=\"elementor-spacer-inner\"><\/div>\n\t\t<\/div>\n\t\t\t\t\t\t<\/div>\n\t\t\t\t<\/div>\n\t\t\t\t\t<\/div>\n\t\t<\/div>\n\t\t\t\t\t<\/div>\n\t\t<\/section>\n\t\t\t\t<section class=\"elementor-section elementor-top-section elementor-element elementor-element-086da53 elementor-section-boxed elementor-section-height-default elementor-section-height-default\" data-id=\"086da53\" data-element_type=\"section\">\n\t\t\t\t\t\t<div class=\"elementor-container elementor-column-gap-default\">\n\t\t\t\t\t<div class=\"elementor-column elementor-col-100 elementor-top-column elementor-element elementor-element-4e0f96c\" data-id=\"4e0f96c\" data-element_type=\"column\">\n\t\t\t<div class=\"elementor-widget-wrap elementor-element-populated\">\n\t\t\t\t\t\t<div class=\"elementor-element elementor-element-ec3c044 elementor-widget elementor-widget-wp-widget-idenceaddons_projects_widget\" data-id=\"ec3c044\" data-element_type=\"widget\" data-widget_type=\"wp-widget-idenceaddons_projects_widget.default\">\n\t\t\t\t<div class=\"elementor-widget-container\">\n\t\t\t\t\t\t\t\r\n\t\t\t\t\r\n        \t            \r\n\t\t\t            <div class=\"projects_page projects_wrap layout_folio_3   tmnf_modern_style \">\r\n\t\t\t\r\n                    <div class=\"item project_post tranz post-8128 tmnf_project type-tmnf_project status-publish has-post-thumbnail hentry project-category-vermoegensschutz\"> \r\n                        \r\n\t\t\t\t\t\t                    \r\n                            <div class=\"entryhead\">\r\n                                \r\n                                <div class=\"imgwrap\">\r\n                                    \r\n                                    <a href=\"https:\/\/www.dubai-offshore.com\/de\/project\/vae-offshore-stiftung-rakicc-stiftung\/\">\r\n                                    \t<img fetchpriority=\"high\" decoding=\"async\" width=\"373\" height=\"450\" src=\"https:\/\/www.dubai-offshore.com\/wp-content\/uploads\/2021\/06\/dubai-offshore-373x450.jpg\" class=\"tranz wp-post-image\" alt=\"Dubai Company Formation |\" \/>                                    <\/a>\r\n                            \r\n                                <\/div>\r\n                            \r\n                            <\/div><!-- end .entryhead -->\r\n                            \r\n                            \r\n            \r\n                        <div class=\"project_inn tranz tmnf_gradient\">\r\n                            \r\n                            <p class=\"meta project_meta tranz\">               \t\r\n                                <span><i class=\"icon-doc\"><\/i>  Verm\u00f6gensschutz<\/span>\r\n                            <\/p>\r\n                        \r\n                            <h3 class=\"project-title\"><a class=\"link link--forsure\" href=\"https:\/\/www.dubai-offshore.com\/de\/project\/vae-offshore-stiftung-rakicc-stiftung\/\">VAE Stiftung<\/a><\/h3>\r\n\r\n\t\t\t\t\t\t\t                                <p class=\"teaser\"><\/p>\r\n                                      \r\n                                              \r\n                            <p class=\"meta project_more tranz\">\r\n                                <a class=\"ribbon tmnf_pulse\" href=\"https:\/\/www.dubai-offshore.com\/de\/project\/vae-offshore-stiftung-rakicc-stiftung\/\">&rarr;<\/a>\r\n                            <\/p>\r\n                             \r\n                        \r\n                        <\/div><!-- end .projects_bits -->\r\n                        \r\n               \t\t<\/div><!-- end .projects -->\r\n\r\n\t\t\t\r\n                    <div class=\"item project_post tranz post-8105 tmnf_project type-tmnf_project status-publish has-post-thumbnail hentry project-category-vermoegensschutz\"> \r\n                        \r\n\t\t\t\t\t\t                    \r\n                            <div class=\"entryhead\">\r\n                                \r\n                                <div class=\"imgwrap\">\r\n                                    \r\n                                    <a href=\"https:\/\/www.dubai-offshore.com\/de\/project\/offshore-bankkonto\/\">\r\n                                    \t<img decoding=\"async\" width=\"373\" height=\"450\" src=\"https:\/\/www.dubai-offshore.com\/wp-content\/uploads\/2018\/09\/Slider-1-373x450.jpg\" class=\"tranz wp-post-image\" alt=\"Sharjah Media City \u2013 SHAMS UAE Company Formation\" \/>                                    <\/a>\r\n                            \r\n                                <\/div>\r\n                            \r\n                            <\/div><!-- end .entryhead -->\r\n                            \r\n                            \r\n            \r\n                        <div class=\"project_inn tranz tmnf_gradient\">\r\n                            \r\n                            <p class=\"meta project_meta tranz\">               \t\r\n                                <span><i class=\"icon-doc\"><\/i>  Verm\u00f6gensschutz<\/span>\r\n                            <\/p>\r\n                        \r\n                            <h3 class=\"project-title\"><a class=\"link link--forsure\" href=\"https:\/\/www.dubai-offshore.com\/de\/project\/offshore-bankkonto\/\">Offshore Bankkonto<\/a><\/h3>\r\n\r\n\t\t\t\t\t\t\t                                <p class=\"teaser\"><\/p>\r\n                                      \r\n                                              \r\n                            <p class=\"meta project_more tranz\">\r\n                                <a class=\"ribbon tmnf_pulse\" href=\"https:\/\/www.dubai-offshore.com\/de\/project\/offshore-bankkonto\/\">&rarr;<\/a>\r\n                            <\/p>\r\n                             \r\n                        \r\n                        <\/div><!-- end .projects_bits -->\r\n                        \r\n               \t\t<\/div><!-- end .projects -->\r\n\r\n\t\t\t\r\n                    <div class=\"item project_post tranz post-8100 tmnf_project type-tmnf_project status-publish has-post-thumbnail hentry project-category-vermoegensschutz\"> \r\n                        \r\n\t\t\t\t\t\t                    \r\n                            <div class=\"entryhead\">\r\n                                \r\n                                <div class=\"imgwrap\">\r\n                                    \r\n                                    <a href=\"https:\/\/www.dubai-offshore.com\/de\/project\/treuhand\/\">\r\n                                    \t<img decoding=\"async\" width=\"373\" height=\"450\" src=\"https:\/\/www.dubai-offshore.com\/wp-content\/uploads\/2021\/06\/Slider-3-373x450.jpg\" class=\"tranz wp-post-image\" alt=\"Ajman UAE Company Formation\" \/>                                    <\/a>\r\n                            \r\n                                <\/div>\r\n                            \r\n                            <\/div><!-- end .entryhead -->\r\n                            \r\n                            \r\n            \r\n                        <div class=\"project_inn tranz tmnf_gradient\">\r\n                            \r\n                            <p class=\"meta project_meta tranz\">               \t\r\n                                <span><i class=\"icon-doc\"><\/i>  Verm\u00f6gensschutz<\/span>\r\n                            <\/p>\r\n                        \r\n                            <h3 class=\"project-title\"><a class=\"link link--forsure\" href=\"https:\/\/www.dubai-offshore.com\/de\/project\/treuhand\/\">TREUHAND<\/a><\/h3>\r\n\r\n\t\t\t\t\t\t\t                                <p class=\"teaser\"><\/p>\r\n                                      \r\n                                              \r\n                            <p class=\"meta project_more tranz\">\r\n                                <a class=\"ribbon tmnf_pulse\" href=\"https:\/\/www.dubai-offshore.com\/de\/project\/treuhand\/\">&rarr;<\/a>\r\n                            <\/p>\r\n                             \r\n                        \r\n                        <\/div><!-- end .projects_bits -->\r\n                        \r\n               \t\t<\/div><!-- end .projects -->\r\n\r\n\t\t\t\r\n                    <div class=\"item project_post tranz post-8087 tmnf_project type-tmnf_project status-publish has-post-thumbnail hentry project-category-vermoegensschutz\"> \r\n                        \r\n\t\t\t\t\t\t                    \r\n                            <div class=\"entryhead\">\r\n                                \r\n                                <div class=\"imgwrap\">\r\n                                    \r\n                                    <a href=\"https:\/\/www.dubai-offshore.com\/de\/project\/datenschutz\/\">\r\n                                    \t<img decoding=\"async\" width=\"373\" height=\"450\" src=\"https:\/\/www.dubai-offshore.com\/wp-content\/uploads\/2018\/09\/Slider-1-373x450.jpg\" class=\"tranz wp-post-image\" alt=\"Sharjah Media City \u2013 SHAMS UAE Company Formation\" \/>                                    <\/a>\r\n                            \r\n                                <\/div>\r\n                            \r\n                            <\/div><!-- end .entryhead -->\r\n                            \r\n                            \r\n            \r\n                        <div class=\"project_inn tranz tmnf_gradient\">\r\n                            \r\n                            <p class=\"meta project_meta tranz\">               \t\r\n                                <span><i class=\"icon-doc\"><\/i>  Verm\u00f6gensschutz<\/span>\r\n                            <\/p>\r\n                        \r\n                            <h3 class=\"project-title\"><a class=\"link link--forsure\" href=\"https:\/\/www.dubai-offshore.com\/de\/project\/datenschutz\/\">Datenschutz<\/a><\/h3>\r\n\r\n\t\t\t\t\t\t\t                                <p class=\"teaser\"><\/p>\r\n                                      \r\n                                              \r\n                            <p class=\"meta project_more tranz\">\r\n                                <a class=\"ribbon tmnf_pulse\" href=\"https:\/\/www.dubai-offshore.com\/de\/project\/datenschutz\/\">&rarr;<\/a>\r\n                            <\/p>\r\n                             \r\n                        \r\n                        <\/div><!-- end .projects_bits -->\r\n                        \r\n               \t\t<\/div><!-- end .projects -->\r\n\r\n\t\t\t\t\t\t<\/div>\r\n\t\t\t<div class=\"clearfix\"><\/div>\r\n\t\t\r\n\t\t\t\t\t\t<\/div>\n\t\t\t\t<\/div>\n\t\t\t\t\t<\/div>\n\t\t<\/div>\n\t\t\t\t\t<\/div>\n\t\t<\/section>\n\t\t\t\t<section class=\"elementor-section elementor-top-section elementor-element elementor-element-9917fd1 elementor-section-boxed elementor-section-height-default elementor-section-height-default\" data-id=\"9917fd1\" data-element_type=\"section\">\n\t\t\t\t\t\t<div class=\"elementor-container elementor-column-gap-default\">\n\t\t\t\t\t<div class=\"elementor-column elementor-col-100 elementor-top-column elementor-element elementor-element-4d1cdb6\" data-id=\"4d1cdb6\" data-element_type=\"column\">\n\t\t\t<div class=\"elementor-widget-wrap elementor-element-populated\">\n\t\t\t\t\t\t<div class=\"elementor-element elementor-element-440a30a elementor-widget elementor-widget-spacer\" data-id=\"440a30a\" data-element_type=\"widget\" data-widget_type=\"spacer.default\">\n\t\t\t\t<div class=\"elementor-widget-container\">\n\t\t\t\t\t\t\t<div class=\"elementor-spacer\">\n\t\t\t<div class=\"elementor-spacer-inner\"><\/div>\n\t\t<\/div>\n\t\t\t\t\t\t<\/div>\n\t\t\t\t<\/div>\n\t\t\t\t\t<\/div>\n\t\t<\/div>\n\t\t\t\t\t<\/div>\n\t\t<\/section>\n\t\t\t\t<\/div>\n\t\t","protected":false},"excerpt":{"rendered":"<div class=\"tmnf_excerpt\"><p>Verm\u00f6gensschutz Im Rahmen einer internationalen Steuerplanung sind zweifelsfrei die Optimierung der Steuerlast sowie der Zugang zu internationalen M\u00e4rkten die entscheidenden Vorteile einer Firmengr\u00fcndung in Dubai. Eine unternehmerfreundliche Gesetzgebung sowie eine Besteuerung von 0% schaffen erstklassige Rahmenbedingungen f\u00fcr internationale Unternehmer. Ein weiterer, entscheidender Vorteil f\u00fcr Unternehmer und verm\u00f6gende Pers\u00f6nlichkeiten sind die L\u00f6sungen zur vorrausschauenden Asset Protection &hellip;<\/p>\n<\/div>","protected":false},"author":2,"featured_media":0,"parent":0,"menu_order":0,"comment_status":"closed","ping_status":"closed","template":"elementor_header_footer","meta":{"_monsterinsights_skip_tracking":false,"_monsterinsights_sitenote_active":false,"_monsterinsights_sitenote_note":"","_monsterinsights_sitenote_category":0,"footnotes":""},"class_list":["post-7940","page","type-page","status-publish","hentry"],"_links":{"self":[{"href":"https:\/\/www.dubai-offshore.com\/de\/wp-json\/wp\/v2\/pages\/7940","targetHints":{"allow":["GET"]}}],"collection":[{"href":"https:\/\/www.dubai-offshore.com\/de\/wp-json\/wp\/v2\/pages"}],"about":[{"href":"https:\/\/www.dubai-offshore.com\/de\/wp-json\/wp\/v2\/types\/page"}],"author":[{"embeddable":true,"href":"https:\/\/www.dubai-offshore.com\/de\/wp-json\/wp\/v2\/users\/2"}],"replies":[{"embeddable":true,"href":"https:\/\/www.dubai-offshore.com\/de\/wp-json\/wp\/v2\/comments?post=7940"}],"version-history":[{"count":25,"href":"https:\/\/www.dubai-offshore.com\/de\/wp-json\/wp\/v2\/pages\/7940\/revisions"}],"predecessor-version":[{"id":8787,"href":"https:\/\/www.dubai-offshore.com\/de\/wp-json\/wp\/v2\/pages\/7940\/revisions\/8787"}],"wp:attachment":[{"href":"https:\/\/www.dubai-offshore.com\/de\/wp-json\/wp\/v2\/media?parent=7940"}],"curies":[{"name":"wp","href":"https:\/\/api.w.org\/{rel}","templated":true}]}}