{"id":7968,"date":"2021-11-09T11:27:11","date_gmt":"2021-11-09T11:27:11","guid":{"rendered":"https:\/\/www.dubai-offshore.com\/?page_id=7968"},"modified":"2025-10-09T05:48:00","modified_gmt":"2025-10-09T05:48:00","slug":"citizenship-residency","status":"publish","type":"page","link":"https:\/\/www.dubai-offshore.com\/de\/citizenship-residency\/","title":{"rendered":"Wohnsitz &#038; Aufenthalt"},"content":{"rendered":"\t\t<div data-elementor-type=\"wp-page\" data-elementor-id=\"7968\" class=\"elementor elementor-7968 elementor-7103\">\n\t\t\t\t\t\t<section class=\"elementor-section elementor-top-section elementor-element elementor-element-da73c42 elementor-section-boxed elementor-section-height-default elementor-section-height-default\" data-id=\"da73c42\" data-element_type=\"section\">\n\t\t\t\t\t\t<div class=\"elementor-container elementor-column-gap-default\">\n\t\t\t\t\t<div class=\"elementor-column elementor-col-100 elementor-top-column elementor-element elementor-element-2cd1f09\" data-id=\"2cd1f09\" data-element_type=\"column\">\n\t\t\t<div class=\"elementor-widget-wrap\">\n\t\t\t\t\t\t\t<\/div>\n\t\t<\/div>\n\t\t\t\t\t<\/div>\n\t\t<\/section>\n\t\t\t\t<section class=\"elementor-section elementor-top-section elementor-element elementor-element-9df6207 elementor-section-boxed elementor-section-height-default elementor-section-height-default\" data-id=\"9df6207\" data-element_type=\"section\">\n\t\t\t\t\t\t<div class=\"elementor-container elementor-column-gap-default\">\n\t\t\t\t\t<div class=\"elementor-column elementor-col-100 elementor-top-column elementor-element elementor-element-cdf28f8\" data-id=\"cdf28f8\" data-element_type=\"column\">\n\t\t\t<div class=\"elementor-widget-wrap elementor-element-populated\">\n\t\t\t\t\t\t<div class=\"elementor-element elementor-element-70c0558 elementor-widget elementor-widget-heading\" data-id=\"70c0558\" data-element_type=\"widget\" data-widget_type=\"heading.default\">\n\t\t\t\t<div class=\"elementor-widget-container\">\n\t\t\t\t\t<h2 class=\"elementor-heading-title elementor-size-default\">Wohnsitz &amp; Aufenthalt in den VAE<\/h2>\t\t\t\t<\/div>\n\t\t\t\t<\/div>\n\t\t\t\t<div class=\"elementor-element elementor-element-d26516a elementor-widget-divider--view-line elementor-widget elementor-widget-divider\" data-id=\"d26516a\" data-element_type=\"widget\" data-widget_type=\"divider.default\">\n\t\t\t\t<div class=\"elementor-widget-container\">\n\t\t\t\t\t\t\t<div class=\"elementor-divider\">\n\t\t\t<span class=\"elementor-divider-separator\">\n\t\t\t\t\t\t<\/span>\n\t\t<\/div>\n\t\t\t\t\t\t<\/div>\n\t\t\t\t<\/div>\n\t\t\t\t<div class=\"elementor-element elementor-element-fcb1b1f elementor-widget elementor-widget-text-editor\" data-id=\"fcb1b1f\" data-element_type=\"widget\" data-widget_type=\"text-editor.default\">\n\t\t\t\t<div class=\"elementor-widget-container\">\n\t\t\t\t\t\t\t\t\t<p>Die Besteuerung von Gesellschaften und juristischen Personen richtet sich nach dem Firmensitz bzw. dem Ort der effektiven Gesch\u00e4ftsleitung. Im Rahmen einer Steueroptimierung gilt es zudem den Ort der pers\u00f6nlichen Steuerpflicht zu ber\u00fccksichtigen, also der Einkommens- oder Verm\u00f6gensbesteuerung im Heimatland.<\/p><p>Im besten Falle erzielt man durch die Gr\u00fcndung einer Auslandsgesellschaft, wie etwa einer Gesellschaft in einer der <strong><a href=\"https:\/\/www.dubai-offshore.com\/uae-and-dubai-freezones\/\">Freezones in Dubai<\/a><\/strong> sowie die Wohnsitzverlagerung in ein Land ohne Einkommenssteuer, die Reduzierung der Steuerlast auf 0%.<\/p><p>In den meisten westlichen Industriestaaten erreicht die kumulierte Steuerlast aus der Besteuerung von Firmengewinnen und der pers\u00f6nlichen Besteuerung mehr als 70%, das bedeutet, dass Sie bis September eines jeden Jahres f\u00fcr das Finanzamt arbeiten. Oder anders ausgedr\u00fcckt: Sie arbeiten rund 20 Jahre Ihres Lebens um den Steuerforderungen nachzukommen. Eine wenig attraktive Vorstellung, jedoch vielfach Realit\u00e4t.\u00a0<\/p><p>Staaten wie die Vereinigten Staaten von Amerika, die Philippinen und Eritrea besteuern ihre Staatsb\u00fcrger mit dem weltweiten Einkommen anhand ihrer Staatsb\u00fcrgerschaft \u2013 unabh\u00e4ngig von ihrem tats\u00e4chlichen Wohnsitz und Steuerdomizil. Mit der Besteuerung nach Staatb\u00fcrgerschaft versuchen Staaten die Abwanderung von verm\u00f6genden Pers\u00f6nlichkeiten zu verhindern, wenngleich sich schwer der Sinn einer Steuerpflicht erschliessen l\u00e4sst, wenn der Steuerzahler nicht im Land lebt und somit keinerlei Gegenleistung erh\u00e4lt. Eine weltweite Steuerpflicht anhand des Reisepasses ist auch f\u00fcr Europ\u00e4er nicht unvorstellbar. So haben die Parlamente von Paris bis Berlin das Thema bereits auf der Agenda. Mit Hilfe von zahlreichen <strong><a href=\"https:\/\/www.dubai-offshore.com\/citizenship-by-investment\/\">Einb\u00fcrgerungsprogrammen<\/a><\/strong> haben wir die M\u00f6glichkeit, unsere Kunden legal und auf offiziellem Weg in steuerfreien Staaten einb\u00fcrgern zu lassen, um das Risiko einer Besteuerung nach Staatsb\u00fcrgerschaft auszuschalten.<\/p><p>In Kombination mit einem <strong><a href=\"https:\/\/www.dubai-offshore.com\/tax-free-residency\/\">steuerfreien Wohnsitz<\/a><\/strong> oder einer <strong><a href=\"https:\/\/www.dubai-offshore.com\/de\/project\/uae-visum\/\">Aufenthaltsgenehmigung in Dubai<\/a><\/strong> k\u00f6nnen Sie legal und auf einfache Weise Ihre Steuerlast reduzieren.<\/p>\t\t\t\t\t\t\t\t<\/div>\n\t\t\t\t<\/div>\n\t\t\t\t\t<\/div>\n\t\t<\/div>\n\t\t\t\t\t<\/div>\n\t\t<\/section>\n\t\t\t\t<section class=\"elementor-section elementor-top-section elementor-element elementor-element-202550a elementor-section-boxed elementor-section-height-default elementor-section-height-default\" data-id=\"202550a\" data-element_type=\"section\">\n\t\t\t\t\t\t<div class=\"elementor-container elementor-column-gap-default\">\n\t\t\t\t\t<div class=\"elementor-column elementor-col-100 elementor-top-column elementor-element elementor-element-e35d0da\" data-id=\"e35d0da\" data-element_type=\"column\">\n\t\t\t<div class=\"elementor-widget-wrap elementor-element-populated\">\n\t\t\t\t\t\t<div class=\"elementor-element elementor-element-f673e3f elementor-widget elementor-widget-spacer\" data-id=\"f673e3f\" data-element_type=\"widget\" data-widget_type=\"spacer.default\">\n\t\t\t\t<div class=\"elementor-widget-container\">\n\t\t\t\t\t\t\t<div class=\"elementor-spacer\">\n\t\t\t<div class=\"elementor-spacer-inner\"><\/div>\n\t\t<\/div>\n\t\t\t\t\t\t<\/div>\n\t\t\t\t<\/div>\n\t\t\t\t\t<\/div>\n\t\t<\/div>\n\t\t\t\t\t<\/div>\n\t\t<\/section>\n\t\t\t\t<section class=\"elementor-section elementor-top-section elementor-element elementor-element-49bf188 elementor-section-boxed elementor-section-height-default elementor-section-height-default\" data-id=\"49bf188\" data-element_type=\"section\">\n\t\t\t\t\t\t<div class=\"elementor-container elementor-column-gap-default\">\n\t\t\t\t\t<div class=\"elementor-column elementor-col-100 elementor-top-column elementor-element elementor-element-a00bfa6\" data-id=\"a00bfa6\" data-element_type=\"column\">\n\t\t\t<div class=\"elementor-widget-wrap elementor-element-populated\">\n\t\t\t\t\t\t<div class=\"elementor-element elementor-element-93457ce elementor-widget elementor-widget-wp-widget-idenceaddons_projects_widget\" data-id=\"93457ce\" data-element_type=\"widget\" data-widget_type=\"wp-widget-idenceaddons_projects_widget.default\">\n\t\t\t\t<div class=\"elementor-widget-container\">\n\t\t\t\t\t\t\t\r\n\t\t\t\t\r\n        \t            \r\n\t\t\t            <div class=\"projects_page projects_wrap layout_folio_3   tmnf_modern_style \">\r\n\t\t\t\r\n                    <div class=\"item project_post tranz post-8066 tmnf_project type-tmnf_project status-publish has-post-thumbnail hentry project-category-wohnsitz\"> \r\n                        \r\n\t\t\t\t\t\t                    \r\n                            <div class=\"entryhead\">\r\n                                \r\n                                <div class=\"imgwrap\">\r\n                                    \r\n                                    <a href=\"https:\/\/www.dubai-offshore.com\/de\/project\/uae-visum\/\">\r\n                                    \t<img fetchpriority=\"high\" decoding=\"async\" width=\"373\" height=\"450\" src=\"https:\/\/www.dubai-offshore.com\/wp-content\/uploads\/2018\/09\/Slider-1-373x450.jpg\" class=\"tranz wp-post-image\" alt=\"Sharjah Media City \u2013 SHAMS UAE Company Formation\" \/>                                    <\/a>\r\n                            \r\n                                <\/div>\r\n                            \r\n                            <\/div><!-- end .entryhead -->\r\n                            \r\n                            \r\n            \r\n                        <div class=\"project_inn tranz tmnf_gradient\">\r\n                            \r\n                            <p class=\"meta project_meta tranz\">               \t\r\n                                <span><i class=\"icon-doc\"><\/i>  Wohnsitz<\/span>\r\n                            <\/p>\r\n                        \r\n                            <h3 class=\"project-title\"><a class=\"link link--forsure\" href=\"https:\/\/www.dubai-offshore.com\/de\/project\/uae-visum\/\">UAE Visum<\/a><\/h3>\r\n\r\n\t\t\t\t\t\t\t                                <p class=\"teaser\"><\/p>\r\n                                      \r\n                                              \r\n                            <p class=\"meta project_more tranz\">\r\n                                <a class=\"ribbon tmnf_pulse\" href=\"https:\/\/www.dubai-offshore.com\/de\/project\/uae-visum\/\">&rarr;<\/a>\r\n                            <\/p>\r\n                             \r\n                        \r\n                        <\/div><!-- end .projects_bits -->\r\n                        \r\n               \t\t<\/div><!-- end .projects -->\r\n\r\n\t\t\t\r\n                    <div class=\"item project_post tranz post-8056 tmnf_project type-tmnf_project status-publish has-post-thumbnail hentry project-category-wohnsitz\"> \r\n                        \r\n\t\t\t\t\t\t                    \r\n                            <div class=\"entryhead\">\r\n                                \r\n                                <div class=\"imgwrap\">\r\n                                    \r\n                                    <a href=\"https:\/\/www.dubai-offshore.com\/de\/project\/steuerfreier-wohnsitz\/\">\r\n                                    \t<img decoding=\"async\" width=\"373\" height=\"450\" src=\"https:\/\/www.dubai-offshore.com\/wp-content\/uploads\/2021\/06\/dubai-offshore-373x450.jpg\" class=\"tranz wp-post-image\" alt=\"Dubai Company Formation |\" \/>                                    <\/a>\r\n                            \r\n                                <\/div>\r\n                            \r\n                            <\/div><!-- end .entryhead -->\r\n                            \r\n                            \r\n            \r\n                        <div class=\"project_inn tranz tmnf_gradient\">\r\n                            \r\n                            <p class=\"meta project_meta tranz\">               \t\r\n                                <span><i class=\"icon-doc\"><\/i>  Wohnsitz<\/span>\r\n                            <\/p>\r\n                        \r\n                            <h3 class=\"project-title\"><a class=\"link link--forsure\" href=\"https:\/\/www.dubai-offshore.com\/de\/project\/steuerfreier-wohnsitz\/\">Steuerfreier Wohnsitz<\/a><\/h3>\r\n\r\n\t\t\t\t\t\t\t                                <p class=\"teaser\"><\/p>\r\n                                      \r\n                                              \r\n                            <p class=\"meta project_more tranz\">\r\n                                <a class=\"ribbon tmnf_pulse\" href=\"https:\/\/www.dubai-offshore.com\/de\/project\/steuerfreier-wohnsitz\/\">&rarr;<\/a>\r\n                            <\/p>\r\n                             \r\n                        \r\n                        <\/div><!-- end .projects_bits -->\r\n                        \r\n               \t\t<\/div><!-- end .projects -->\r\n\r\n\t\t\t\r\n                    <div class=\"item project_post tranz post-8044 tmnf_project type-tmnf_project status-publish has-post-thumbnail hentry project-category-wohnsitz\"> \r\n                        \r\n\t\t\t\t\t\t                    \r\n                            <div class=\"entryhead\">\r\n                                \r\n                                <div class=\"imgwrap\">\r\n                                    \r\n                                    <a href=\"https:\/\/www.dubai-offshore.com\/de\/project\/staatsburgerschaft-investitionen\/\">\r\n                                    \t<img decoding=\"async\" width=\"373\" height=\"450\" src=\"https:\/\/www.dubai-offshore.com\/wp-content\/uploads\/2021\/06\/Slider_3_new_small-373x450.jpg\" class=\"tranz wp-post-image\" alt=\"Dubai Company Formation | UAE Company Formation\" \/>                                    <\/a>\r\n                            \r\n                                <\/div>\r\n                            \r\n                            <\/div><!-- end .entryhead -->\r\n                            \r\n                            \r\n            \r\n                        <div class=\"project_inn tranz tmnf_gradient\">\r\n                            \r\n                            <p class=\"meta project_meta tranz\">               \t\r\n                                <span><i class=\"icon-doc\"><\/i>  Wohnsitz<\/span>\r\n                            <\/p>\r\n                        \r\n                            <h3 class=\"project-title\"><a class=\"link link--forsure\" href=\"https:\/\/www.dubai-offshore.com\/de\/project\/staatsburgerschaft-investitionen\/\">Staatsb\u00fcrgerschaft durch Investitionen<\/a><\/h3>\r\n\r\n\t\t\t\t\t\t\t                                <p class=\"teaser\"><\/p>\r\n                                      \r\n                                              \r\n                            <p class=\"meta project_more tranz\">\r\n                                <a class=\"ribbon tmnf_pulse\" href=\"https:\/\/www.dubai-offshore.com\/de\/project\/staatsburgerschaft-investitionen\/\">&rarr;<\/a>\r\n                            <\/p>\r\n                             \r\n                        \r\n                        <\/div><!-- end .projects_bits -->\r\n                        \r\n               \t\t<\/div><!-- end .projects -->\r\n\r\n\t\t\t\t\t\t<\/div>\r\n\t\t\t<div class=\"clearfix\"><\/div>\r\n\t\t\r\n\t\t\t\t\t\t<\/div>\n\t\t\t\t<\/div>\n\t\t\t\t\t<\/div>\n\t\t<\/div>\n\t\t\t\t\t<\/div>\n\t\t<\/section>\n\t\t\t\t<section class=\"elementor-section elementor-top-section elementor-element elementor-element-974ef5e elementor-section-boxed elementor-section-height-default elementor-section-height-default\" data-id=\"974ef5e\" data-element_type=\"section\">\n\t\t\t\t\t\t<div class=\"elementor-container elementor-column-gap-default\">\n\t\t\t\t\t<div class=\"elementor-column elementor-col-100 elementor-top-column elementor-element elementor-element-e4e621c\" data-id=\"e4e621c\" data-element_type=\"column\">\n\t\t\t<div class=\"elementor-widget-wrap elementor-element-populated\">\n\t\t\t\t\t\t<div class=\"elementor-element elementor-element-11a22bb elementor-widget elementor-widget-spacer\" data-id=\"11a22bb\" data-element_type=\"widget\" data-widget_type=\"spacer.default\">\n\t\t\t\t<div class=\"elementor-widget-container\">\n\t\t\t\t\t\t\t<div class=\"elementor-spacer\">\n\t\t\t<div class=\"elementor-spacer-inner\"><\/div>\n\t\t<\/div>\n\t\t\t\t\t\t<\/div>\n\t\t\t\t<\/div>\n\t\t\t\t\t<\/div>\n\t\t<\/div>\n\t\t\t\t\t<\/div>\n\t\t<\/section>\n\t\t\t\t<\/div>\n\t\t","protected":false},"excerpt":{"rendered":"<div class=\"tmnf_excerpt\"><p>Wohnsitz &amp; Aufenthalt in den VAE Die Besteuerung von Gesellschaften und juristischen Personen richtet sich nach dem Firmensitz bzw. dem Ort der effektiven Gesch\u00e4ftsleitung. Im Rahmen einer Steueroptimierung gilt es zudem den Ort der pers\u00f6nlichen Steuerpflicht zu ber\u00fccksichtigen, also der Einkommens- oder Verm\u00f6gensbesteuerung im Heimatland. Im besten Falle erzielt man durch die Gr\u00fcndung einer Auslandsgesellschaft, &hellip;<\/p>\n<\/div>","protected":false},"author":2,"featured_media":0,"parent":0,"menu_order":0,"comment_status":"closed","ping_status":"closed","template":"elementor_header_footer","meta":{"_monsterinsights_skip_tracking":false,"_monsterinsights_sitenote_active":false,"_monsterinsights_sitenote_note":"","_monsterinsights_sitenote_category":0,"footnotes":""},"class_list":["post-7968","page","type-page","status-publish","hentry"],"_links":{"self":[{"href":"https:\/\/www.dubai-offshore.com\/de\/wp-json\/wp\/v2\/pages\/7968","targetHints":{"allow":["GET"]}}],"collection":[{"href":"https:\/\/www.dubai-offshore.com\/de\/wp-json\/wp\/v2\/pages"}],"about":[{"href":"https:\/\/www.dubai-offshore.com\/de\/wp-json\/wp\/v2\/types\/page"}],"author":[{"embeddable":true,"href":"https:\/\/www.dubai-offshore.com\/de\/wp-json\/wp\/v2\/users\/2"}],"replies":[{"embeddable":true,"href":"https:\/\/www.dubai-offshore.com\/de\/wp-json\/wp\/v2\/comments?post=7968"}],"version-history":[{"count":32,"href":"https:\/\/www.dubai-offshore.com\/de\/wp-json\/wp\/v2\/pages\/7968\/revisions"}],"predecessor-version":[{"id":8790,"href":"https:\/\/www.dubai-offshore.com\/de\/wp-json\/wp\/v2\/pages\/7968\/revisions\/8790"}],"wp:attachment":[{"href":"https:\/\/www.dubai-offshore.com\/de\/wp-json\/wp\/v2\/media?parent=7968"}],"curies":[{"name":"wp","href":"https:\/\/api.w.org\/{rel}","templated":true}]}}